{"id":12,"date":"2019-02-20T08:39:41","date_gmt":"2019-02-20T08:39:41","guid":{"rendered":"https:\/\/SSSR.fpn.unsa.ba\/?page_id=12"},"modified":"2022-12-28T07:18:25","modified_gmt":"2022-12-28T07:18:25","slug":"izdanja","status":"publish","type":"page","link":"https:\/\/SSSR.fpn.unsa.ba\/?page_id=12","title":{"rendered":"Izdanja"},"content":{"rendered":"<p>SSSR-2018 &#8211;<a href=\"https:\/\/SSSR.fpn.unsa.ba\/wp-content\/uploads\/2019\/02\/SSSR-2018_kb_print.pdf\"> link za download<\/a><\/p>\n<p><img data-attachment-id=\"44\" data-permalink=\"https:\/\/SSSR.fpn.unsa.ba\/?attachment_id=44\" data-orig-file=\"https:\/\/i0.wp.com\/SSSR.fpn.unsa.ba\/wp-content\/uploads\/2019\/03\/SSSR-2018_korica_print-page-001.jpg?fit=2258%2C1603&amp;ssl=1\" data-orig-size=\"2258,1603\" data-comments-opened=\"1\" data-image-meta=\"{&quot;aperture&quot;:&quot;0&quot;,&quot;credit&quot;:&quot;&quot;,&quot;camera&quot;:&quot;&quot;,&quot;caption&quot;:&quot;&quot;,&quot;created_timestamp&quot;:&quot;0&quot;,&quot;copyright&quot;:&quot;&quot;,&quot;focal_length&quot;:&quot;0&quot;,&quot;iso&quot;:&quot;0&quot;,&quot;shutter_speed&quot;:&quot;0&quot;,&quot;title&quot;:&quot;&quot;,&quot;orientation&quot;:&quot;0&quot;}\" data-image-title=\"SSSR-2018_korica_print-page-001\" data-image-description=\"\" data-image-caption=\"\" data-medium-file=\"https:\/\/i0.wp.com\/SSSR.fpn.unsa.ba\/wp-content\/uploads\/2019\/03\/SSSR-2018_korica_print-page-001.jpg?fit=300%2C213&amp;ssl=1\" data-large-file=\"https:\/\/i0.wp.com\/SSSR.fpn.unsa.ba\/wp-content\/uploads\/2019\/03\/SSSR-2018_korica_print-page-001.jpg?fit=640%2C454&amp;ssl=1\" decoding=\"async\" loading=\"lazy\" class=\"alignnone wp-image-44\" src=\"https:\/\/i0.wp.com\/SSSR.fpn.unsa.ba\/wp-content\/uploads\/2019\/03\/SSSR-2018_korica_print-page-001.jpg?resize=446%2C317&#038;ssl=1\" alt=\"\" width=\"446\" height=\"317\" srcset=\"https:\/\/i0.wp.com\/SSSR.fpn.unsa.ba\/wp-content\/uploads\/2019\/03\/SSSR-2018_korica_print-page-001.jpg?resize=300%2C213&amp;ssl=1 300w, https:\/\/i0.wp.com\/SSSR.fpn.unsa.ba\/wp-content\/uploads\/2019\/03\/SSSR-2018_korica_print-page-001.jpg?resize=768%2C545&amp;ssl=1 768w, https:\/\/i0.wp.com\/SSSR.fpn.unsa.ba\/wp-content\/uploads\/2019\/03\/SSSR-2018_korica_print-page-001.jpg?resize=1024%2C727&amp;ssl=1 1024w, https:\/\/i0.wp.com\/SSSR.fpn.unsa.ba\/wp-content\/uploads\/2019\/03\/SSSR-2018_korica_print-page-001.jpg?resize=1568%2C1113&amp;ssl=1 1568w, https:\/\/i0.wp.com\/SSSR.fpn.unsa.ba\/wp-content\/uploads\/2019\/03\/SSSR-2018_korica_print-page-001.jpg?w=1280&amp;ssl=1 1280w, https:\/\/i0.wp.com\/SSSR.fpn.unsa.ba\/wp-content\/uploads\/2019\/03\/SSSR-2018_korica_print-page-001.jpg?w=1920&amp;ssl=1 1920w\" sizes=\"(max-width: 446px) 100vw, 446px\" data-recalc-dims=\"1\" \/><\/p>\n<p>SSSR-2019 &#8211; <a href=\"https:\/\/SSSR.fpn.unsa.ba\/wp-content\/uploads\/2020\/02\/SSSR-br.1-2-2019..pdf\">link za download<\/a><\/p>\n<p><img data-attachment-id=\"63\" data-permalink=\"https:\/\/SSSR.fpn.unsa.ba\/?attachment_id=63\" data-orig-file=\"https:\/\/i0.wp.com\/SSSR.fpn.unsa.ba\/wp-content\/uploads\/2019\/12\/Screenshot_1.jpg?fit=685%2C969&amp;ssl=1\" data-orig-size=\"685,969\" data-comments-opened=\"1\" data-image-meta=\"{&quot;aperture&quot;:&quot;0&quot;,&quot;credit&quot;:&quot;&quot;,&quot;camera&quot;:&quot;&quot;,&quot;caption&quot;:&quot;&quot;,&quot;created_timestamp&quot;:&quot;0&quot;,&quot;copyright&quot;:&quot;&quot;,&quot;focal_length&quot;:&quot;0&quot;,&quot;iso&quot;:&quot;0&quot;,&quot;shutter_speed&quot;:&quot;0&quot;,&quot;title&quot;:&quot;&quot;,&quot;orientation&quot;:&quot;0&quot;}\" data-image-title=\"Screenshot_1\" data-image-description=\"\" data-image-caption=\"\" data-medium-file=\"https:\/\/i0.wp.com\/SSSR.fpn.unsa.ba\/wp-content\/uploads\/2019\/12\/Screenshot_1.jpg?fit=212%2C300&amp;ssl=1\" data-large-file=\"https:\/\/i0.wp.com\/SSSR.fpn.unsa.ba\/wp-content\/uploads\/2019\/12\/Screenshot_1.jpg?fit=640%2C905&amp;ssl=1\" decoding=\"async\" loading=\"lazy\" class=\"alignnone wp-image-63\" src=\"https:\/\/i0.wp.com\/SSSR.fpn.unsa.ba\/wp-content\/uploads\/2019\/12\/Screenshot_1.jpg?resize=418%2C592&#038;ssl=1\" alt=\"\" width=\"418\" height=\"592\" srcset=\"https:\/\/i0.wp.com\/SSSR.fpn.unsa.ba\/wp-content\/uploads\/2019\/12\/Screenshot_1.jpg?resize=212%2C300&amp;ssl=1 212w, https:\/\/i0.wp.com\/SSSR.fpn.unsa.ba\/wp-content\/uploads\/2019\/12\/Screenshot_1.jpg?w=685&amp;ssl=1 685w\" sizes=\"(max-width: 418px) 100vw, 418px\" data-recalc-dims=\"1\" \/><\/p>\n<p>SSSR-2020 &#8211; <a href=\"https:\/\/SSSR.fpn.unsa.ba\/wp-content\/uploads\/2021\/03\/SSSR-br.1-2020.-e-izdanje.pdf\">link za download<\/a><\/p>\n<p><img data-attachment-id=\"126\" data-permalink=\"https:\/\/SSSR.fpn.unsa.ba\/?attachment_id=126\" data-orig-file=\"https:\/\/i0.wp.com\/SSSR.fpn.unsa.ba\/wp-content\/uploads\/2021\/03\/KORICE-SSSR-br.1-2020.za-web-scaled.jpg?fit=1808%2C2560&amp;ssl=1\" data-orig-size=\"1808,2560\" data-comments-opened=\"1\" data-image-meta=\"{&quot;aperture&quot;:&quot;0&quot;,&quot;credit&quot;:&quot;&quot;,&quot;camera&quot;:&quot;&quot;,&quot;caption&quot;:&quot;&quot;,&quot;created_timestamp&quot;:&quot;0&quot;,&quot;copyright&quot;:&quot;&quot;,&quot;focal_length&quot;:&quot;0&quot;,&quot;iso&quot;:&quot;0&quot;,&quot;shutter_speed&quot;:&quot;0&quot;,&quot;title&quot;:&quot;&quot;,&quot;orientation&quot;:&quot;0&quot;}\" data-image-title=\"KORICE SSSR br.1 2020.za web\" data-image-description=\"\" data-image-caption=\"\" data-medium-file=\"https:\/\/i0.wp.com\/SSSR.fpn.unsa.ba\/wp-content\/uploads\/2021\/03\/KORICE-SSSR-br.1-2020.za-web-scaled.jpg?fit=212%2C300&amp;ssl=1\" data-large-file=\"https:\/\/i0.wp.com\/SSSR.fpn.unsa.ba\/wp-content\/uploads\/2021\/03\/KORICE-SSSR-br.1-2020.za-web-scaled.jpg?fit=640%2C906&amp;ssl=1\" decoding=\"async\" loading=\"lazy\" class=\"alignnone wp-image-126\" src=\"https:\/\/i0.wp.com\/SSSR.fpn.unsa.ba\/wp-content\/uploads\/2021\/03\/KORICE-SSSR-br.1-2020.za-web.jpg?resize=425%2C601&#038;ssl=1\" alt=\"\" width=\"425\" height=\"601\" srcset=\"https:\/\/i0.wp.com\/SSSR.fpn.unsa.ba\/wp-content\/uploads\/2021\/03\/KORICE-SSSR-br.1-2020.za-web-scaled.jpg?resize=212%2C300&amp;ssl=1 212w, https:\/\/i0.wp.com\/SSSR.fpn.unsa.ba\/wp-content\/uploads\/2021\/03\/KORICE-SSSR-br.1-2020.za-web-scaled.jpg?resize=723%2C1024&amp;ssl=1 723w, https:\/\/i0.wp.com\/SSSR.fpn.unsa.ba\/wp-content\/uploads\/2021\/03\/KORICE-SSSR-br.1-2020.za-web-scaled.jpg?resize=768%2C1087&amp;ssl=1 768w, https:\/\/i0.wp.com\/SSSR.fpn.unsa.ba\/wp-content\/uploads\/2021\/03\/KORICE-SSSR-br.1-2020.za-web-scaled.jpg?resize=1085%2C1536&amp;ssl=1 1085w, https:\/\/i0.wp.com\/SSSR.fpn.unsa.ba\/wp-content\/uploads\/2021\/03\/KORICE-SSSR-br.1-2020.za-web-scaled.jpg?resize=1447%2C2048&amp;ssl=1 1447w, https:\/\/i0.wp.com\/SSSR.fpn.unsa.ba\/wp-content\/uploads\/2021\/03\/KORICE-SSSR-br.1-2020.za-web-scaled.jpg?resize=1568%2C2220&amp;ssl=1 1568w, https:\/\/i0.wp.com\/SSSR.fpn.unsa.ba\/wp-content\/uploads\/2021\/03\/KORICE-SSSR-br.1-2020.za-web-scaled.jpg?w=1808&amp;ssl=1 1808w, https:\/\/i0.wp.com\/SSSR.fpn.unsa.ba\/wp-content\/uploads\/2021\/03\/KORICE-SSSR-br.1-2020.za-web-scaled.jpg?w=1280&amp;ssl=1 1280w\" sizes=\"(max-width: 425px) 100vw, 425px\" data-recalc-dims=\"1\" \/><\/p>\n<p>SSSR 2020 BR. 2 &#8211; <a href=\"https:\/\/SSSR.fpn.unsa.ba\/wp-content\/uploads\/2021\/06\/SSSR-2020-BR.-2-KONACNA-ZA-WEB.pdf\">link za download<\/a><\/p>\n<p><a href=\"https:\/\/SSSR.fpn.unsa.ba\/wp-content\/uploads\/2021\/06\/SSSR-2020-BR.-2-ZA-WEB.pdf\"><img data-attachment-id=\"139\" data-permalink=\"https:\/\/SSSR.fpn.unsa.ba\/?attachment_id=139\" data-orig-file=\"https:\/\/i0.wp.com\/SSSR.fpn.unsa.ba\/wp-content\/uploads\/2021\/06\/NASLOVNA-2020-2-za-web-scaled.jpg?fit=1819%2C2560&amp;ssl=1\" data-orig-size=\"1819,2560\" data-comments-opened=\"1\" data-image-meta=\"{&quot;aperture&quot;:&quot;0&quot;,&quot;credit&quot;:&quot;&quot;,&quot;camera&quot;:&quot;&quot;,&quot;caption&quot;:&quot;&quot;,&quot;created_timestamp&quot;:&quot;0&quot;,&quot;copyright&quot;:&quot;&quot;,&quot;focal_length&quot;:&quot;0&quot;,&quot;iso&quot;:&quot;0&quot;,&quot;shutter_speed&quot;:&quot;0&quot;,&quot;title&quot;:&quot;&quot;,&quot;orientation&quot;:&quot;0&quot;}\" data-image-title=\"NASLOVNA 2020-2 za web\" data-image-description=\"\" data-image-caption=\"\" data-medium-file=\"https:\/\/i0.wp.com\/SSSR.fpn.unsa.ba\/wp-content\/uploads\/2021\/06\/NASLOVNA-2020-2-za-web-scaled.jpg?fit=213%2C300&amp;ssl=1\" data-large-file=\"https:\/\/i0.wp.com\/SSSR.fpn.unsa.ba\/wp-content\/uploads\/2021\/06\/NASLOVNA-2020-2-za-web-scaled.jpg?fit=640%2C900&amp;ssl=1\" decoding=\"async\" loading=\"lazy\" class=\"alignnone wp-image-139\" src=\"https:\/\/i0.wp.com\/SSSR.fpn.unsa.ba\/wp-content\/uploads\/2021\/06\/NASLOVNA-2020-2-za-web.jpg?resize=427%2C601&#038;ssl=1\" alt=\"\" width=\"427\" height=\"601\" srcset=\"https:\/\/i0.wp.com\/SSSR.fpn.unsa.ba\/wp-content\/uploads\/2021\/06\/NASLOVNA-2020-2-za-web-scaled.jpg?resize=213%2C300&amp;ssl=1 213w, https:\/\/i0.wp.com\/SSSR.fpn.unsa.ba\/wp-content\/uploads\/2021\/06\/NASLOVNA-2020-2-za-web-scaled.jpg?resize=728%2C1024&amp;ssl=1 728w, https:\/\/i0.wp.com\/SSSR.fpn.unsa.ba\/wp-content\/uploads\/2021\/06\/NASLOVNA-2020-2-za-web-scaled.jpg?resize=768%2C1081&amp;ssl=1 768w, https:\/\/i0.wp.com\/SSSR.fpn.unsa.ba\/wp-content\/uploads\/2021\/06\/NASLOVNA-2020-2-za-web-scaled.jpg?resize=1092%2C1536&amp;ssl=1 1092w, https:\/\/i0.wp.com\/SSSR.fpn.unsa.ba\/wp-content\/uploads\/2021\/06\/NASLOVNA-2020-2-za-web-scaled.jpg?resize=1455%2C2048&amp;ssl=1 1455w, https:\/\/i0.wp.com\/SSSR.fpn.unsa.ba\/wp-content\/uploads\/2021\/06\/NASLOVNA-2020-2-za-web-scaled.jpg?resize=1568%2C2206&amp;ssl=1 1568w, https:\/\/i0.wp.com\/SSSR.fpn.unsa.ba\/wp-content\/uploads\/2021\/06\/NASLOVNA-2020-2-za-web-scaled.jpg?w=1819&amp;ssl=1 1819w, https:\/\/i0.wp.com\/SSSR.fpn.unsa.ba\/wp-content\/uploads\/2021\/06\/NASLOVNA-2020-2-za-web-scaled.jpg?w=1280&amp;ssl=1 1280w\" sizes=\"(max-width: 427px) 100vw, 427px\" data-recalc-dims=\"1\" \/><\/a><\/p>\n<p>SSSR 2021 BR 1-2\u00a0 &#8211; <a href=\"https:\/\/SSSR.fpn.unsa.ba\/wp-content\/uploads\/2022\/12\/SSSR_GODISTE-X_BROJ_1-2_2021._E_IZDANJE.pdf\">link za download<\/a><\/p>\n<p><img data-attachment-id=\"170\" data-permalink=\"https:\/\/SSSR.fpn.unsa.ba\/?attachment_id=170\" data-orig-file=\"https:\/\/i0.wp.com\/SSSR.fpn.unsa.ba\/wp-content\/uploads\/2022\/12\/KORICE_GODISTE-X_BROJ_1-2_2021._FINAL-scaled.jpg?fit=1818%2C2560&amp;ssl=1\" data-orig-size=\"1818,2560\" data-comments-opened=\"1\" data-image-meta=\"{&quot;aperture&quot;:&quot;0&quot;,&quot;credit&quot;:&quot;&quot;,&quot;camera&quot;:&quot;&quot;,&quot;caption&quot;:&quot;&quot;,&quot;created_timestamp&quot;:&quot;0&quot;,&quot;copyright&quot;:&quot;&quot;,&quot;focal_length&quot;:&quot;0&quot;,&quot;iso&quot;:&quot;0&quot;,&quot;shutter_speed&quot;:&quot;0&quot;,&quot;title&quot;:&quot;&quot;,&quot;orientation&quot;:&quot;0&quot;}\" data-image-title=\"KORICE_GODI\u0160TE X_BROJ_1-2_2021._FINAL\" data-image-description=\"\" data-image-caption=\"\" data-medium-file=\"https:\/\/i0.wp.com\/SSSR.fpn.unsa.ba\/wp-content\/uploads\/2022\/12\/KORICE_GODISTE-X_BROJ_1-2_2021._FINAL-scaled.jpg?fit=213%2C300&amp;ssl=1\" data-large-file=\"https:\/\/i0.wp.com\/SSSR.fpn.unsa.ba\/wp-content\/uploads\/2022\/12\/KORICE_GODISTE-X_BROJ_1-2_2021._FINAL-scaled.jpg?fit=640%2C901&amp;ssl=1\" decoding=\"async\" loading=\"lazy\" class=\"alignnone wp-image-170\" src=\"https:\/\/i0.wp.com\/SSSR.fpn.unsa.ba\/wp-content\/uploads\/2022\/12\/KORICE_GODISTE-X_BROJ_1-2_2021._FINAL.jpg?resize=429%2C605&#038;ssl=1\" alt=\"\" width=\"429\" height=\"605\" srcset=\"https:\/\/i0.wp.com\/SSSR.fpn.unsa.ba\/wp-content\/uploads\/2022\/12\/KORICE_GODISTE-X_BROJ_1-2_2021._FINAL-scaled.jpg?resize=213%2C300&amp;ssl=1 213w, https:\/\/i0.wp.com\/SSSR.fpn.unsa.ba\/wp-content\/uploads\/2022\/12\/KORICE_GODISTE-X_BROJ_1-2_2021._FINAL-scaled.jpg?resize=727%2C1024&amp;ssl=1 727w, https:\/\/i0.wp.com\/SSSR.fpn.unsa.ba\/wp-content\/uploads\/2022\/12\/KORICE_GODISTE-X_BROJ_1-2_2021._FINAL-scaled.jpg?resize=768%2C1081&amp;ssl=1 768w, https:\/\/i0.wp.com\/SSSR.fpn.unsa.ba\/wp-content\/uploads\/2022\/12\/KORICE_GODISTE-X_BROJ_1-2_2021._FINAL-scaled.jpg?resize=1091%2C1536&amp;ssl=1 1091w, https:\/\/i0.wp.com\/SSSR.fpn.unsa.ba\/wp-content\/uploads\/2022\/12\/KORICE_GODISTE-X_BROJ_1-2_2021._FINAL-scaled.jpg?resize=1455%2C2048&amp;ssl=1 1455w, https:\/\/i0.wp.com\/SSSR.fpn.unsa.ba\/wp-content\/uploads\/2022\/12\/KORICE_GODISTE-X_BROJ_1-2_2021._FINAL-scaled.jpg?resize=1568%2C2207&amp;ssl=1 1568w, https:\/\/i0.wp.com\/SSSR.fpn.unsa.ba\/wp-content\/uploads\/2022\/12\/KORICE_GODISTE-X_BROJ_1-2_2021._FINAL-scaled.jpg?w=1818&amp;ssl=1 1818w, https:\/\/i0.wp.com\/SSSR.fpn.unsa.ba\/wp-content\/uploads\/2022\/12\/KORICE_GODISTE-X_BROJ_1-2_2021._FINAL-scaled.jpg?w=1280&amp;ssl=1 1280w\" sizes=\"(max-width: 429px) 100vw, 429px\" data-recalc-dims=\"1\" \/><\/p>\n","protected":false},"excerpt":{"rendered":"<p>SSSR-2018 &#8211; link za download SSSR-2019 &#8211; link za download SSSR-2020 &#8211; link za download SSSR 2020 BR. 2 &#8211; link za download SSSR 2021 BR 1-2\u00a0 &#8211; link za download<\/p>\n","protected":false},"author":1,"featured_media":0,"parent":0,"menu_order":0,"comment_status":"closed","ping_status":"closed","template":"","meta":{"jetpack_post_was_ever_published":false},"jetpack_sharing_enabled":true,"jetpack_shortlink":"https:\/\/wp.me\/PaJHVC-c","jetpack-related-posts":[{"id":14,"url":"https:\/\/SSSR.fpn.unsa.ba\/?page_id=14","url_meta":{"origin":12,"position":0},"title":"Kontakt","date":"February 20, 2019","format":false,"excerpt":"Sekretar redakcije: asst. Anida Dudi\u0107, MA Asistent na Odsjeku za socijalni rad Fakultet politi\u010dkih nauka u Sarajevu Skenderija 72, Sarajevo +387 33 203 562, lokal 162","rel":"","context":"Similar post","img":{"alt_text":"","src":"","width":0,"height":0},"classes":[]},{"id":8,"url":"https:\/\/SSSR.fpn.unsa.ba\/?page_id=8","url_meta":{"origin":12,"position":1},"title":"Impressum","date":"February 20, 2019","format":false,"excerpt":"Izdava\u010d \/ Publisher Fakultet politi\u010dkih nauka Univerzitet u Sarajevu Za izdava\u010da \/ On behalf of the publisher \u0160a\u0107ir Filandra Glavni urednici \/ Editor-in-chiefs Belma Buljuba\u0161i\u0107 Mirza Emirhafizovi\u0107 Sekretarka redakcije \/ Secretary of the editor board Anida Dudi\u0107 Redakcija \/ Editorial board Sead Tur\u010dalo, Damir Kapid\u017ei\u0107, Haris Ceri\u0107, Sanela Ba\u0161i\u0107, Tatjana\u2026","rel":"","context":"Similar post","img":{"alt_text":"","src":"","width":0,"height":0},"classes":[]},{"id":10,"url":"https:\/\/SSSR.fpn.unsa.ba\/?page_id=10","url_meta":{"origin":12,"position":2},"title":"O \u010casopisu","date":"February 20, 2019","format":false,"excerpt":"","rel":"","context":"Similar post","img":{"alt_text":"","src":"","width":0,"height":0},"classes":[]},{"id":2,"url":"https:\/\/SSSR.fpn.unsa.ba\/?page_id=2","url_meta":{"origin":12,"position":3},"title":"Sample Page","date":"February 20, 2019","format":false,"excerpt":"This is an example page. It's different from a blog post because it will stay in one place and will show up in your site navigation (in most themes). Most people start with an About page that introduces them to potential site visitors. It might say something like this: Hi\u2026","rel":"","context":"Similar post","img":{"alt_text":"","src":"","width":0,"height":0},"classes":[]}],"_links":{"self":[{"href":"https:\/\/SSSR.fpn.unsa.ba\/index.php?rest_route=\/wp\/v2\/pages\/12"}],"collection":[{"href":"https:\/\/SSSR.fpn.unsa.ba\/index.php?rest_route=\/wp\/v2\/pages"}],"about":[{"href":"https:\/\/SSSR.fpn.unsa.ba\/index.php?rest_route=\/wp\/v2\/types\/page"}],"author":[{"embeddable":true,"href":"https:\/\/SSSR.fpn.unsa.ba\/index.php?rest_route=\/wp\/v2\/users\/1"}],"replies":[{"embeddable":true,"href":"https:\/\/SSSR.fpn.unsa.ba\/index.php?rest_route=%2Fwp%2Fv2%2Fcomments&post=12"}],"version-history":[{"count":14,"href":"https:\/\/SSSR.fpn.unsa.ba\/index.php?rest_route=\/wp\/v2\/pages\/12\/revisions"}],"predecessor-version":[{"id":177,"href":"https:\/\/SSSR.fpn.unsa.ba\/index.php?rest_route=\/wp\/v2\/pages\/12\/revisions\/177"}],"wp:attachment":[{"href":"https:\/\/SSSR.fpn.unsa.ba\/index.php?rest_route=%2Fwp%2Fv2%2Fmedia&parent=12"}],"curies":[{"name":"wp","href":"https:\/\/api.w.org\/{rel}","templated":true}]}}